{"id":108,"date":"2020-01-13T13:26:18","date_gmt":"2020-01-13T12:26:18","guid":{"rendered":"http:\/\/cheo.it\/wpc\/?page_id=108"},"modified":"2020-01-15T12:17:09","modified_gmt":"2020-01-15T11:17:09","slug":"vigneti","status":"publish","type":"page","link":"https:\/\/cheo.it\/wpc\/vigneti\/","title":{"rendered":"Vigneti"},"content":{"rendered":"\n<figure class=\"wp-block-image size-large\"><img loading=\"lazy\" decoding=\"async\" width=\"800\" height=\"350\" src=\"https:\/\/cheo.it\/wpc\/wp-content\/uploads\/2020\/01\/FOTOSIZE-top-vigne-001.png\" alt=\"\" class=\"wp-image-111\" srcset=\"https:\/\/cheo.it\/wpc\/wp-content\/uploads\/2020\/01\/FOTOSIZE-top-vigne-001.png 800w, https:\/\/cheo.it\/wpc\/wp-content\/uploads\/2020\/01\/FOTOSIZE-top-vigne-001-300x131.png 300w, https:\/\/cheo.it\/wpc\/wp-content\/uploads\/2020\/01\/FOTOSIZE-top-vigne-001-768x336.png 768w\" sizes=\"auto, (max-width: 800px) 100vw, 800px\" \/><\/figure>\n\n\n\n<div class=\"wp-block-image\"><figure class=\"alignright size-large\"><img loading=\"lazy\" decoding=\"async\" width=\"200\" height=\"300\" src=\"https:\/\/cheo.it\/wpc\/wp-content\/uploads\/2020\/01\/FOTO-SIDE-vigne-01.png\" alt=\"\" class=\"wp-image-109\"\/><\/figure><\/div>\n\n\n\n<p>I vigneti Cheo si inerpicano sui colli che circondano Vernazza,suddivisi in 70 terrazze poste nelle localit\u00e0 pi\u00f9 vocate per la viticoltura: Foss\u00e0, Croci, Lamma, Contra, Mav\u00e0 e Vernazzola, che hanno altitudini comprese fra 30 e 150 m sul livello del mare. Mentre Vernazzola \u00e8 nell\u2019entroterra, tutti gli altri vigneti si affacciano sul mare, tra agavi, lecci, fichi d\u2019india, eriche, mirto, alaterno ed euforbie giganti. La superficie aziendale si aggira sui 2,5 ha, dei quali 2,0 destinati a vigneto e il resto a uliveto e bosco. A superamento delle pergole, allevamento tradizionale ma dalla gestione problematica che ne inficia i vantaggi, abbiamo scelto una disposizione a spalliera, forma di allevamento Guyot semplice, 6000 piante ad ettaro, con produzioni per pianta fra 1 e 1,5 kg di uva (5 &#8211; 7 grappoli). Dopo l\u2019impianto non si effettua pi\u00f9 alcuna lavorazione del terreno che \u00e8 lasciato inerbito da settembre a maggio.<\/p>\n\n\n\n<p><strong>Foss\u00e0<\/strong><\/p>\n\n\n\n<p>Da qui \u00e8 partito il nostro progetto, e siamo orgogliosi di poter dire che siamo riusciti a recuperare un&#8217;intera collina, attualmente l&#8217;unica a Vernazza a essere coperta di vigne da capo a piedi. 360 scalini di pietra che scaliamo ogni giorno volentieri!<\/p>\n\n\n\n<p><strong>Vernazzola<\/strong><\/p>\n\n\n\n<p>Lungo il torrente Vernazzola, in una valle fresca e riparata dal mare abbiamo la maggior parte della produzione delle nostre uve nere.<\/p>\n\n\n\n<p><strong>Mav\u00e0<\/strong><\/p>\n\n\n\n<p>Di nuova acquisizione, una postazione dai panorami mozzafiato e dall&#8217;esposizione ideale per le uve da Sciacchetr\u00e0.<\/p>\n\n\n\n<figure class=\"wp-block-image size-large\"><img loading=\"lazy\" decoding=\"async\" width=\"800\" height=\"250\" src=\"https:\/\/cheo.it\/wpc\/wp-content\/uploads\/2020\/01\/FOTO-BOTT-vigne.png\" alt=\"\" class=\"wp-image-110\" srcset=\"https:\/\/cheo.it\/wpc\/wp-content\/uploads\/2020\/01\/FOTO-BOTT-vigne.png 800w, https:\/\/cheo.it\/wpc\/wp-content\/uploads\/2020\/01\/FOTO-BOTT-vigne-300x94.png 300w, https:\/\/cheo.it\/wpc\/wp-content\/uploads\/2020\/01\/FOTO-BOTT-vigne-768x240.png 768w\" sizes=\"auto, (max-width: 800px) 100vw, 800px\" \/><\/figure>\n","protected":false},"excerpt":{"rendered":"<p>I vigneti Cheo si inerpicano sui colli che circondano Vernazza,suddivisi in 70 terrazze poste nelle localit\u00e0 pi\u00f9 vocate per la viticoltura: Foss\u00e0, Croci, Lamma, Contra, Mav\u00e0 e Vernazzola, che hanno altitudini comprese fra 30 e 150 m sul livello del mare. Mentre Vernazzola \u00e8 nell\u2019entroterra, tutti gli altri vigneti si affacciano sul mare, tra agavi,&#8230;<\/p>\n","protected":false},"author":1,"featured_media":0,"parent":0,"menu_order":0,"comment_status":"closed","ping_status":"closed","template":"","meta":{"footnotes":""},"class_list":["post-108","page","type-page","status-publish","hentry"],"aioseo_notices":[],"_links":{"self":[{"href":"https:\/\/cheo.it\/wpc\/wp-json\/wp\/v2\/pages\/108","targetHints":{"allow":["GET"]}}],"collection":[{"href":"https:\/\/cheo.it\/wpc\/wp-json\/wp\/v2\/pages"}],"about":[{"href":"https:\/\/cheo.it\/wpc\/wp-json\/wp\/v2\/types\/page"}],"author":[{"embeddable":true,"href":"https:\/\/cheo.it\/wpc\/wp-json\/wp\/v2\/users\/1"}],"replies":[{"embeddable":true,"href":"https:\/\/cheo.it\/wpc\/wp-json\/wp\/v2\/comments?post=108"}],"version-history":[{"count":2,"href":"https:\/\/cheo.it\/wpc\/wp-json\/wp\/v2\/pages\/108\/revisions"}],"predecessor-version":[{"id":158,"href":"https:\/\/cheo.it\/wpc\/wp-json\/wp\/v2\/pages\/108\/revisions\/158"}],"wp:attachment":[{"href":"https:\/\/cheo.it\/wpc\/wp-json\/wp\/v2\/media?parent=108"}],"curies":[{"name":"wp","href":"https:\/\/api.w.org\/{rel}","templated":true}]}}