{"id":78,"date":"2020-01-13T12:34:21","date_gmt":"2020-01-13T11:34:21","guid":{"rendered":"http:\/\/cheo.it\/wpc\/?page_id=78"},"modified":"2020-02-02T20:40:05","modified_gmt":"2020-02-02T19:40:05","slug":"la-nostra-filosofia","status":"publish","type":"page","link":"https:\/\/cheo.it\/wpc\/la-nostra-filosofia\/","title":{"rendered":"La nostra filosofia"},"content":{"rendered":"\n<figure class=\"wp-block-image size-large\"><img loading=\"lazy\" decoding=\"async\" width=\"800\" height=\"350\" src=\"https:\/\/cheo.it\/wpc\/wp-content\/uploads\/2020\/01\/FOTOSIZE-top-021.png\" alt=\"\" class=\"wp-image-81\" srcset=\"https:\/\/cheo.it\/wpc\/wp-content\/uploads\/2020\/01\/FOTOSIZE-top-021.png 800w, https:\/\/cheo.it\/wpc\/wp-content\/uploads\/2020\/01\/FOTOSIZE-top-021-300x131.png 300w, https:\/\/cheo.it\/wpc\/wp-content\/uploads\/2020\/01\/FOTOSIZE-top-021-768x336.png 768w\" sizes=\"auto, (max-width: 800px) 100vw, 800px\" \/><\/figure>\n\n\n\n<div class=\"wp-block-image\"><figure class=\"alignright size-large\"><img loading=\"lazy\" decoding=\"async\" width=\"200\" height=\"300\" src=\"https:\/\/cheo.it\/wpc\/wp-content\/uploads\/2020\/01\/FOTO-SIDE-filo.png\" alt=\"\" class=\"wp-image-79\"\/><\/figure><\/div>\n\n\n\n<p> Consapevoli del fatto che vivere a Vernazza e possedere vigneti nel territorio delle Cinque Terre \u00e8 allo stesso tempo un privilegio ed una responsabilit\u00e0, in segno di profondo rispetto e continuit\u00e0 con la storia millenaria del paese abbiamo scelto di prenderci cura di questa terra dove, come la vite, affondiamo le nostre radici. Con il nostro lavoro, cerchiamo di trasmettere la sua unicit\u00e0 e di coinvolgere altri nel curarla e rispettarla. Anche per questo, la nostra azienda si apre il pi\u00f9 possibile al mondo e mantiene e promuove continuamente i contatti con gli altri produttori di vini delle Cinque Terre, con le strutture universitarie e accademiche e con il circuito del turismo sostenibile. La qualit\u00e0 dei nostri vini \u00e8 per noi simbolo e veicolo della singolarit\u00e0 del luogo da cui provengono. La presenza giornaliera in vigna, il contatto diretto con le piante, le lavorazioni manuali senza l\u2019ausilio di mezzi meccanici, ci consentono una gestione artigianale di precisione dei vigneti e l\u2019ottimizzazione delle operazioni colturali necessarie per ottenere uve d\u2019eccellenza. E, per noi, uve eccellenti sono il prerequisito fondamentale per la produzione di vini di qualit\u00e0. <\/p>\n\n\n\n<figure class=\"wp-block-image size-large\"><img loading=\"lazy\" decoding=\"async\" width=\"800\" height=\"250\" src=\"https:\/\/cheo.it\/wpc\/wp-content\/uploads\/2020\/01\/FOTOSIZE-bott-003.png\" alt=\"\" class=\"wp-image-80\" srcset=\"https:\/\/cheo.it\/wpc\/wp-content\/uploads\/2020\/01\/FOTOSIZE-bott-003.png 800w, https:\/\/cheo.it\/wpc\/wp-content\/uploads\/2020\/01\/FOTOSIZE-bott-003-300x94.png 300w, https:\/\/cheo.it\/wpc\/wp-content\/uploads\/2020\/01\/FOTOSIZE-bott-003-768x240.png 768w\" sizes=\"auto, (max-width: 800px) 100vw, 800px\" \/><\/figure>\n","protected":false},"excerpt":{"rendered":"<p>Consapevoli del fatto che vivere a Vernazza e possedere vigneti nel territorio delle Cinque Terre \u00e8 allo stesso tempo un privilegio ed una responsabilit\u00e0, in segno di profondo rispetto e continuit\u00e0 con la storia millenaria del paese abbiamo scelto di prenderci cura di questa terra dove, come la vite, affondiamo le nostre radici. Con il&#8230;<\/p>\n","protected":false},"author":1,"featured_media":0,"parent":0,"menu_order":0,"comment_status":"closed","ping_status":"closed","template":"","meta":{"footnotes":""},"class_list":["post-78","page","type-page","status-publish","hentry"],"aioseo_notices":[],"_links":{"self":[{"href":"https:\/\/cheo.it\/wpc\/wp-json\/wp\/v2\/pages\/78","targetHints":{"allow":["GET"]}}],"collection":[{"href":"https:\/\/cheo.it\/wpc\/wp-json\/wp\/v2\/pages"}],"about":[{"href":"https:\/\/cheo.it\/wpc\/wp-json\/wp\/v2\/types\/page"}],"author":[{"embeddable":true,"href":"https:\/\/cheo.it\/wpc\/wp-json\/wp\/v2\/users\/1"}],"replies":[{"embeddable":true,"href":"https:\/\/cheo.it\/wpc\/wp-json\/wp\/v2\/comments?post=78"}],"version-history":[{"count":2,"href":"https:\/\/cheo.it\/wpc\/wp-json\/wp\/v2\/pages\/78\/revisions"}],"predecessor-version":[{"id":299,"href":"https:\/\/cheo.it\/wpc\/wp-json\/wp\/v2\/pages\/78\/revisions\/299"}],"wp:attachment":[{"href":"https:\/\/cheo.it\/wpc\/wp-json\/wp\/v2\/media?parent=78"}],"curies":[{"name":"wp","href":"https:\/\/api.w.org\/{rel}","templated":true}]}}